{"id":764,"date":"2023-03-15T09:30:38","date_gmt":"2023-03-15T08:30:38","guid":{"rendered":"https:\/\/chateauduseuil-preprod.epartenaire.com\/?page_id=764"},"modified":"2023-03-20T10:55:11","modified_gmt":"2023-03-20T09:55:11","slug":"tours","status":"publish","type":"page","link":"https:\/\/www.chateauduseuil.fr\/en\/wine-tourism\/tours\/","title":{"rendered":"Tours"},"content":{"rendered":"\t\t<div data-elementor-type=\"wp-page\" data-elementor-id=\"764\" class=\"elementor elementor-764 elementor-299\" data-elementor-post-type=\"page\">\n\t\t\t\t\t\t<section class=\"elementor-section elementor-top-section elementor-element elementor-element-d43ac3c elementor-section-boxed elementor-section-height-default elementor-section-height-default\" data-id=\"d43ac3c\" data-element_type=\"section\" data-e-type=\"section\">\n\t\t\t\t\t\t<div class=\"elementor-container elementor-column-gap-default\">\n\t\t\t\t\t<div class=\"elementor-column elementor-col-100 elementor-top-column elementor-element elementor-element-a2030e1\" data-id=\"a2030e1\" data-element_type=\"column\" data-e-type=\"column\">\n\t\t\t<div class=\"elementor-widget-wrap elementor-element-populated\">\n\t\t\t\t\t\t<div class=\"elementor-element elementor-element-9752e18 elementor-widget elementor-widget-heading\" data-id=\"9752e18\" data-element_type=\"widget\" data-e-type=\"widget\" data-widget_type=\"heading.default\">\n\t\t\t\t<div class=\"elementor-widget-container\">\n\t\t\t\t\t<h2 class=\"elementor-heading-title elementor-size-default\">Visite \u0152notourisme<\/h2>\t\t\t\t<\/div>\n\t\t\t\t<\/div>\n\t\t\t\t\t<\/div>\n\t\t<\/div>\n\t\t\t\t\t<\/div>\n\t\t<\/section>\n\t\t\t\t<section class=\"elementor-section elementor-top-section elementor-element elementor-element-f808367 elementor-section-boxed elementor-section-height-default elementor-section-height-default\" data-id=\"f808367\" data-element_type=\"section\" data-e-type=\"section\">\n\t\t\t\t\t\t<div class=\"elementor-container elementor-column-gap-default\">\n\t\t\t\t\t<div class=\"elementor-column elementor-col-100 elementor-top-column elementor-element elementor-element-9a87476\" data-id=\"9a87476\" data-element_type=\"column\" data-e-type=\"column\">\n\t\t\t<div class=\"elementor-widget-wrap elementor-element-populated\">\n\t\t\t\t\t\t<div class=\"elementor-element elementor-element-19e5e6d elementor-widget elementor-widget-text-editor\" data-id=\"19e5e6d\" data-element_type=\"widget\" data-e-type=\"widget\" data-widget_type=\"text-editor.default\">\n\t\t\t\t<div class=\"elementor-widget-container\">\n\t\t\t\t\t\t\t\t\t<h2>Venez nous voir : visite du vignoble, achat de vins de provence<\/h2><p><strong>Le Ch\u00e2teau du Seuil fait partie des pauses d\u2019exception sur la route des vins de Provence. Toute l&#8217;ann\u00e9e, la d\u00e9gustation des vins de Provence est propos\u00e9e dans un espace d\u00e9di\u00e9 et accol\u00e9 au chai de vinification. Le caveau invite 5 une pause d\u00e9gustation raffin\u00e9e au cour d\u2019un environnement pr\u00e9serv\u00e9. L&#8217;occasion \u00e9galement de d\u00e9couvrir un vignoble \u00e0 Aix en Provence<\/strong><\/p>\t\t\t\t\t\t\t\t<\/div>\n\t\t\t\t<\/div>\n\t\t\t\t\t<\/div>\n\t\t<\/div>\n\t\t\t\t\t<\/div>\n\t\t<\/section>\n\t\t\t\t<section class=\"elementor-section elementor-top-section elementor-element elementor-element-2895cf1 elementor-section-full_width elementor-section-stretched elementor-section-height-default elementor-section-height-default\" data-id=\"2895cf1\" data-element_type=\"section\" data-e-type=\"section\" data-settings=\"{&quot;stretch_section&quot;:&quot;section-stretched&quot;}\">\n\t\t\t\t\t\t<div class=\"elementor-container elementor-column-gap-default\">\n\t\t\t\t\t<div class=\"elementor-column elementor-col-100 elementor-top-column elementor-element elementor-element-db617b7\" data-id=\"db617b7\" data-element_type=\"column\" data-e-type=\"column\">\n\t\t\t<div class=\"elementor-widget-wrap elementor-element-populated\">\n\t\t\t\t\t\t<div class=\"elementor-element elementor-element-9a93afd elementor-widget elementor-widget-image\" data-id=\"9a93afd\" data-element_type=\"widget\" data-e-type=\"widget\" data-widget_type=\"image.default\">\n\t\t\t\t<div class=\"elementor-widget-container\">\n\t\t\t\t\t\t\t\t\t\t\t\t\t\t\t<img fetchpriority=\"high\" decoding=\"async\" width=\"1825\" height=\"493\" src=\"https:\/\/www.chateauduseuil.fr\/wp-content\/uploads\/2023\/03\/oenotourisme.jpg\" class=\"attachment-full size-full wp-image-314\" alt=\"\" srcset=\"https:\/\/www.chateauduseuil.fr\/wp-content\/uploads\/2023\/03\/oenotourisme.jpg 1825w, https:\/\/www.chateauduseuil.fr\/wp-content\/uploads\/2023\/03\/oenotourisme-300x81.jpg 300w, https:\/\/www.chateauduseuil.fr\/wp-content\/uploads\/2023\/03\/oenotourisme-1024x277.jpg 1024w, https:\/\/www.chateauduseuil.fr\/wp-content\/uploads\/2023\/03\/oenotourisme-768x207.jpg 768w, https:\/\/www.chateauduseuil.fr\/wp-content\/uploads\/2023\/03\/oenotourisme-1536x415.jpg 1536w\" sizes=\"(max-width: 1825px) 100vw, 1825px\" \/>\t\t\t\t\t\t\t\t\t\t\t\t\t\t\t<\/div>\n\t\t\t\t<\/div>\n\t\t\t\t\t<\/div>\n\t\t<\/div>\n\t\t\t\t\t<\/div>\n\t\t<\/section>\n\t\t\t\t<section class=\"elementor-section elementor-top-section elementor-element elementor-element-be887fe elementor-section-boxed elementor-section-height-default elementor-section-height-default\" data-id=\"be887fe\" data-element_type=\"section\" data-e-type=\"section\">\n\t\t\t\t\t\t<div class=\"elementor-container elementor-column-gap-default\">\n\t\t\t\t\t<div class=\"elementor-column elementor-col-100 elementor-top-column elementor-element elementor-element-2bc733e\" data-id=\"2bc733e\" data-element_type=\"column\" data-e-type=\"column\">\n\t\t\t<div class=\"elementor-widget-wrap elementor-element-populated\">\n\t\t\t\t\t\t<div class=\"elementor-element elementor-element-befe9ac elementor-widget elementor-widget-heading\" data-id=\"befe9ac\" data-element_type=\"widget\" data-e-type=\"widget\" data-widget_type=\"heading.default\">\n\t\t\t\t<div class=\"elementor-widget-container\">\n\t\t\t\t\t<h4 class=\"elementor-heading-title elementor-size-default\"><h4>DIFF\u00c9RENTES ACTIVIT\u00c9S<br>SONT A D\u00c9COUVRIR<\/h4><\/h4>\t\t\t\t<\/div>\n\t\t\t\t<\/div>\n\t\t\t\t\t<\/div>\n\t\t<\/div>\n\t\t\t\t\t<\/div>\n\t\t<\/section>\n\t\t\t\t<section class=\"elementor-section elementor-top-section elementor-element elementor-element-4314c0f elementor-section-boxed elementor-section-height-default elementor-section-height-default\" data-id=\"4314c0f\" data-element_type=\"section\" data-e-type=\"section\">\n\t\t\t\t\t\t<div class=\"elementor-container elementor-column-gap-default\">\n\t\t\t\t\t<div class=\"elementor-column elementor-col-100 elementor-top-column elementor-element elementor-element-33f378c\" data-id=\"33f378c\" data-element_type=\"column\" data-e-type=\"column\">\n\t\t\t<div class=\"elementor-widget-wrap elementor-element-populated\">\n\t\t\t\t\t\t<div class=\"elementor-element elementor-element-429be52 elementor-widget elementor-widget-text-editor\" data-id=\"429be52\" data-element_type=\"widget\" data-e-type=\"widget\" data-widget_type=\"text-editor.default\">\n\t\t\t\t<div class=\"elementor-widget-container\">\n\t\t\t\t\t\t\t\t\t<p>A la d\u00e9couverte d\u2019un vignoble de Provence, de son chai et de son savoir-faire.<br \/>Au Ch\u00e2teau du Seuil, nous vous proposons la visite de nos chais et la <br \/>d\u00e9gustation de vins du domaine selon deux formules :<\/p>\t\t\t\t\t\t\t\t<\/div>\n\t\t\t\t<\/div>\n\t\t\t\t\t<\/div>\n\t\t<\/div>\n\t\t\t\t\t<\/div>\n\t\t<\/section>\n\t\t\t\t<section class=\"elementor-section elementor-top-section elementor-element elementor-element-cae557f elementor-section-boxed elementor-section-height-default elementor-section-height-default\" data-id=\"cae557f\" data-element_type=\"section\" data-e-type=\"section\">\n\t\t\t\t\t\t<div class=\"elementor-container elementor-column-gap-default\">\n\t\t\t\t\t<div class=\"elementor-column elementor-col-50 elementor-top-column elementor-element elementor-element-21bded2\" data-id=\"21bded2\" data-element_type=\"column\" data-e-type=\"column\" data-settings=\"{&quot;background_background&quot;:&quot;classic&quot;}\">\n\t\t\t<div class=\"elementor-widget-wrap elementor-element-populated\">\n\t\t\t\t\t\t<div class=\"elementor-element elementor-element-3d52088 elementor-widget elementor-widget-text-editor\" data-id=\"3d52088\" data-element_type=\"widget\" data-e-type=\"widget\" data-widget_type=\"text-editor.default\">\n\t\t\t\t<div class=\"elementor-widget-container\">\n\t\t\t\t\t\t\t\t\t<p><img decoding=\"async\" class=\"alignnone\" src=\"https:\/\/chateauduseuil-preprod.epartenaire.com\/wp-content\/uploads\/2023\/03\/verre.png\" alt=\"\" width=\"25\" height=\"52\" \/><br \/><strong style=\"text-transform: uppercase;\">Visite d\u00e9couverte<\/strong><\/p><p><em>Visite comment\u00e9e des vignes, du Ch\u00e2teau, des jardins, des chais suivi d&#8217;une d\u00e9gustation de trois vins.<\/em><\/p><div style=\"margin-top: 10pxpx line-height: 25px;\"><img decoding=\"async\" class=\"size-full wp-image-353\" src=\"https:\/\/chateauduseuil-preprod.epartenaire.com\/wp-content\/uploads\/2023\/03\/tarifs.png\" alt=\"\" width=\"18\" height=\"18\" \/> \u00a0 20 \u20ac par personne . Groupe des de 2 \u00e0 10 personnes<\/div><div style=\"margin-top: 10pxpx line-height: 25px;\"><img loading=\"lazy\" decoding=\"async\" class=\"wp-image-370 size-full\" src=\"https:\/\/chateauduseuil-preprod.epartenaire.com\/wp-content\/uploads\/2023\/03\/duree.png\" alt=\"\" width=\"18\" height=\"18\" \/> \u00a0 Environ 1 heure<\/div><div style=\"margin-top: 10pxpx line-height: 25px;\"><img loading=\"lazy\" decoding=\"async\" class=\"wp-image-368 size-full\" src=\"https:\/\/chateauduseuil-preprod.epartenaire.com\/wp-content\/uploads\/2023\/03\/agenda.png\" alt=\"\" width=\"18\" height=\"18\" \/> \u00a0 Du lundi au vendredi \u00e0 11h ou 16H<\/div><div style=\"margin-top: 10pxpx line-height: 25px;\"><img loading=\"lazy\" decoding=\"async\" class=\"wp-image-374 size-full\" src=\"https:\/\/chateauduseuil-preprod.epartenaire.com\/wp-content\/uploads\/2023\/03\/reservation.png\" alt=\"\" width=\"18\" height=\"18\" \/> \u00a0 Unique sur r\u00e9servation \u00e0 l&#8217;adresse caveau@chateauduseuil.fr ou au 04 42 92 15 89<\/div><div style=\"margin-top: 10pxpx line-height: 25px;\"><img loading=\"lazy\" decoding=\"async\" class=\"wp-image-372 size-full\" src=\"https:\/\/chateauduseuil-preprod.epartenaire.com\/wp-content\/uploads\/2023\/03\/langue.png\" alt=\"\" width=\"18\" height=\"18\" \/>\u00a0 Visite disponible en FR ou GB<\/div>\t\t\t\t\t\t\t\t<\/div>\n\t\t\t\t<\/div>\n\t\t\t\t\t<\/div>\n\t\t<\/div>\n\t\t\t\t<div class=\"elementor-column elementor-col-50 elementor-top-column elementor-element elementor-element-9fd7688\" data-id=\"9fd7688\" data-element_type=\"column\" data-e-type=\"column\" data-settings=\"{&quot;background_background&quot;:&quot;classic&quot;}\">\n\t\t\t<div class=\"elementor-widget-wrap elementor-element-populated\">\n\t\t\t\t\t\t<div class=\"elementor-element elementor-element-1c60a4d elementor-widget elementor-widget-text-editor\" data-id=\"1c60a4d\" data-element_type=\"widget\" data-e-type=\"widget\" data-widget_type=\"text-editor.default\">\n\t\t\t\t<div class=\"elementor-widget-container\">\n\t\t\t\t\t\t\t\t\t<p><img loading=\"lazy\" decoding=\"async\" class=\"alignnone size-full wp-image-390\" src=\"https:\/\/chateauduseuil-preprod.epartenaire.com\/wp-content\/uploads\/2023\/03\/verre-fromage.png\" alt=\"\" width=\"57\" height=\"58\" \/><br \/><strong style=\"text-transform: uppercase;\">Visite gourmande<\/strong><\/p><p><em>Visite comment\u00e9e des vignes, du Ch\u00e2teau, des jardins, des chais suivi d&#8217;une d\u00e9gustation de cinq vins accompagn\u00e9s d&#8217;une planche charcuteries fromages \u00e0 partager.<\/em><\/p><div style=\"margin-top: 10pxpx line-height: 25px;\"><img decoding=\"async\" class=\"size-full wp-image-353\" src=\"https:\/\/chateauduseuil-preprod.epartenaire.com\/wp-content\/uploads\/2023\/03\/tarifs.png\" alt=\"\" width=\"18\" height=\"18\" \/> \u00a0 20 \u20ac par personne . Groupe des de 2 \u00e0 10 personnes<\/div><div style=\"margin-top: 10pxpx line-height: 25px;\"><img loading=\"lazy\" decoding=\"async\" class=\"wp-image-370 size-full\" src=\"https:\/\/chateauduseuil-preprod.epartenaire.com\/wp-content\/uploads\/2023\/03\/duree.png\" alt=\"\" width=\"18\" height=\"18\" \/> \u00a0 Environ 1 heure 30<\/div><div style=\"margin-top: 10pxpx line-height: 25px;\"><img loading=\"lazy\" decoding=\"async\" class=\"wp-image-368 size-full\" src=\"https:\/\/chateauduseuil-preprod.epartenaire.com\/wp-content\/uploads\/2023\/03\/agenda.png\" alt=\"\" width=\"18\" height=\"18\" \/> \u00a0 Du lundi au vendredi \u00e0 11h<\/div><div style=\"margin-top: 10pxpx line-height: 25px;\"><img loading=\"lazy\" decoding=\"async\" class=\"wp-image-374 size-full\" src=\"https:\/\/chateauduseuil-preprod.epartenaire.com\/wp-content\/uploads\/2023\/03\/reservation.png\" alt=\"\" width=\"18\" height=\"18\" \/> \u00a0 Unique sur r\u00e9servation 48H \u00e0 l&#8217;avance \u00e0 l&#8217;adresse caveau@chateauduseuil.fr ou au 04 42 92 15 89<\/div><div style=\"margin-top: 10pxpx line-height: 25px;\"><img loading=\"lazy\" decoding=\"async\" class=\"wp-image-372 size-full\" src=\"https:\/\/chateauduseuil-preprod.epartenaire.com\/wp-content\/uploads\/2023\/03\/langue.png\" alt=\"\" width=\"18\" height=\"18\" \/>\u00a0 Visite disponible en FR ou GB<\/div>\t\t\t\t\t\t\t\t<\/div>\n\t\t\t\t<\/div>\n\t\t\t\t\t<\/div>\n\t\t<\/div>\n\t\t\t\t\t<\/div>\n\t\t<\/section>\n\t\t\t\t<section class=\"elementor-section elementor-top-section elementor-element elementor-element-1b0d0ba elementor-section-boxed elementor-section-height-default elementor-section-height-default\" data-id=\"1b0d0ba\" data-element_type=\"section\" data-e-type=\"section\">\n\t\t\t\t\t\t<div class=\"elementor-container elementor-column-gap-default\">\n\t\t\t\t\t<div class=\"elementor-column elementor-col-50 elementor-top-column elementor-element elementor-element-816afc3\" data-id=\"816afc3\" data-element_type=\"column\" data-e-type=\"column\">\n\t\t\t<div class=\"elementor-widget-wrap elementor-element-populated\">\n\t\t\t\t\t\t<div class=\"elementor-element elementor-element-c3543f8 elementor-widget elementor-widget-image\" data-id=\"c3543f8\" data-element_type=\"widget\" data-e-type=\"widget\" data-widget_type=\"image.default\">\n\t\t\t\t<div class=\"elementor-widget-container\">\n\t\t\t\t\t\t\t\t\t\t\t\t\t\t\t<img loading=\"lazy\" decoding=\"async\" width=\"606\" height=\"404\" src=\"https:\/\/www.chateauduseuil.fr\/wp-content\/uploads\/2023\/03\/cave1.jpg\" class=\"attachment-medium_large size-medium_large wp-image-410\" alt=\"\" srcset=\"https:\/\/www.chateauduseuil.fr\/wp-content\/uploads\/2023\/03\/cave1.jpg 606w, https:\/\/www.chateauduseuil.fr\/wp-content\/uploads\/2023\/03\/cave1-300x200.jpg 300w\" sizes=\"(max-width: 606px) 100vw, 606px\" \/>\t\t\t\t\t\t\t\t\t\t\t\t\t\t\t<\/div>\n\t\t\t\t<\/div>\n\t\t\t\t<div class=\"elementor-element elementor-element-35d42b6 elementor-widget elementor-widget-image\" data-id=\"35d42b6\" data-element_type=\"widget\" data-e-type=\"widget\" data-widget_type=\"image.default\">\n\t\t\t\t<div class=\"elementor-widget-container\">\n\t\t\t\t\t\t\t\t\t\t\t\t\t\t\t<img loading=\"lazy\" decoding=\"async\" width=\"606\" height=\"405\" src=\"https:\/\/www.chateauduseuil.fr\/wp-content\/uploads\/2023\/03\/table.jpg\" class=\"attachment-medium_large size-medium_large wp-image-416\" alt=\"\" srcset=\"https:\/\/www.chateauduseuil.fr\/wp-content\/uploads\/2023\/03\/table.jpg 606w, https:\/\/www.chateauduseuil.fr\/wp-content\/uploads\/2023\/03\/table-300x200.jpg 300w\" sizes=\"(max-width: 606px) 100vw, 606px\" \/>\t\t\t\t\t\t\t\t\t\t\t\t\t\t\t<\/div>\n\t\t\t\t<\/div>\n\t\t\t\t<div class=\"elementor-element elementor-element-f9e20e9 elementor-widget elementor-widget-text-editor\" data-id=\"f9e20e9\" data-element_type=\"widget\" data-e-type=\"widget\" data-widget_type=\"text-editor.default\">\n\t\t\t\t<div class=\"elementor-widget-container\">\n\t\t\t\t\t\t\t\t\t<p>\u00a0<\/p><p style=\"text-align: center;\"><img loading=\"lazy\" decoding=\"async\" class=\"size-full wp-image-422 aligncenter\" src=\"https:\/\/chateauduseuil-preprod.epartenaire.com\/wp-content\/uploads\/2023\/03\/information.png\" alt=\"\" width=\"55\" height=\"56\" \/><\/p><p style=\"text-align: center;\">Professionnels du tourisme,<br \/>merci de nous contactez pour toute demande de d\u00e9gustation et\/ou de visites<\/p><p>\u00a0<\/p>\t\t\t\t\t\t\t\t<\/div>\n\t\t\t\t<\/div>\n\t\t\t\t\t<\/div>\n\t\t<\/div>\n\t\t\t\t<div class=\"elementor-column elementor-col-50 elementor-top-column elementor-element elementor-element-d82bd56\" data-id=\"d82bd56\" data-element_type=\"column\" data-e-type=\"column\">\n\t\t\t<div class=\"elementor-widget-wrap elementor-element-populated\">\n\t\t\t\t\t\t<div class=\"elementor-element elementor-element-e62a2ad elementor-widget elementor-widget-image\" data-id=\"e62a2ad\" data-element_type=\"widget\" data-e-type=\"widget\" data-widget_type=\"image.default\">\n\t\t\t\t<div class=\"elementor-widget-container\">\n\t\t\t\t\t\t\t\t\t\t\t\t\t\t\t<img loading=\"lazy\" decoding=\"async\" width=\"601\" height=\"346\" src=\"https:\/\/www.chateauduseuil.fr\/wp-content\/uploads\/2023\/03\/batisse.jpg\" class=\"attachment-medium_large size-medium_large wp-image-408\" alt=\"\" srcset=\"https:\/\/www.chateauduseuil.fr\/wp-content\/uploads\/2023\/03\/batisse.jpg 601w, https:\/\/www.chateauduseuil.fr\/wp-content\/uploads\/2023\/03\/batisse-300x173.jpg 300w\" sizes=\"(max-width: 601px) 100vw, 601px\" \/>\t\t\t\t\t\t\t\t\t\t\t\t\t\t\t<\/div>\n\t\t\t\t<\/div>\n\t\t\t\t<div class=\"elementor-element elementor-element-737973c elementor-widget elementor-widget-image\" data-id=\"737973c\" data-element_type=\"widget\" data-e-type=\"widget\" data-widget_type=\"image.default\">\n\t\t\t\t<div class=\"elementor-widget-container\">\n\t\t\t\t\t\t\t\t\t\t\t\t\t\t\t<img loading=\"lazy\" decoding=\"async\" width=\"605\" height=\"588\" src=\"https:\/\/www.chateauduseuil.fr\/wp-content\/uploads\/2023\/03\/domaine.jpg\" class=\"attachment-medium_large size-medium_large wp-image-414\" alt=\"\" srcset=\"https:\/\/www.chateauduseuil.fr\/wp-content\/uploads\/2023\/03\/domaine.jpg 605w, https:\/\/www.chateauduseuil.fr\/wp-content\/uploads\/2023\/03\/domaine-300x292.jpg 300w\" sizes=\"(max-width: 605px) 100vw, 605px\" \/>\t\t\t\t\t\t\t\t\t\t\t\t\t\t\t<\/div>\n\t\t\t\t<\/div>\n\t\t\t\t\t<\/div>\n\t\t<\/div>\n\t\t\t\t\t<\/div>\n\t\t<\/section>\n\t\t\t\t<section class=\"elementor-section elementor-top-section elementor-element elementor-element-d9b4997 elementor-section-boxed elementor-section-height-default elementor-section-height-default\" data-id=\"d9b4997\" data-element_type=\"section\" data-e-type=\"section\">\n\t\t\t\t\t\t<div class=\"elementor-container elementor-column-gap-default\">\n\t\t\t\t\t<div class=\"elementor-column elementor-col-100 elementor-top-column elementor-element elementor-element-d51888e\" data-id=\"d51888e\" data-element_type=\"column\" data-e-type=\"column\">\n\t\t\t<div class=\"elementor-widget-wrap elementor-element-populated\">\n\t\t\t\t\t\t<div class=\"elementor-element elementor-element-737839b elementor-widget elementor-widget-spacer\" data-id=\"737839b\" data-element_type=\"widget\" data-e-type=\"widget\" data-widget_type=\"spacer.default\">\n\t\t\t\t<div class=\"elementor-widget-container\">\n\t\t\t\t\t\t\t<div class=\"elementor-spacer\">\n\t\t\t<div class=\"elementor-spacer-inner\"><\/div>\n\t\t<\/div>\n\t\t\t\t\t\t<\/div>\n\t\t\t\t<\/div>\n\t\t\t\t\t<\/div>\n\t\t<\/div>\n\t\t\t\t\t<\/div>\n\t\t<\/section>\n\t\t\t\t<\/div>\n\t\t","protected":false},"excerpt":{"rendered":"","protected":false},"author":2,"featured_media":0,"parent":281,"menu_order":0,"comment_status":"closed","ping_status":"closed","template":"elementor_header_footer","meta":{"_acf_changed":false,"footnotes":""},"class_list":["post-764","page","type-page","status-publish","hentry"],"acf":[],"yoast_head":"<!-- This site is optimized with the Yoast SEO plugin v27.5 - https:\/\/yoast.com\/product\/yoast-seo-wordpress\/ -->\n<title>Tours - Ch\u00e2teau du Seuil<\/title>\n<meta name=\"robots\" content=\"index, follow, max-snippet:-1, max-image-preview:large, max-video-preview:-1\" \/>\n<link rel=\"canonical\" href=\"https:\/\/www.chateauduseuil.fr\/loenotourisme\/visites-vignobles-degustations\/\" \/>\n<meta property=\"og:locale\" content=\"en_US\" \/>\n<meta property=\"og:type\" content=\"article\" \/>\n<meta property=\"og:title\" content=\"Tours - Ch\u00e2teau du Seuil\" \/>\n<meta property=\"og:url\" content=\"https:\/\/www.chateauduseuil.fr\/loenotourisme\/visites-vignobles-degustations\/\" \/>\n<meta property=\"og:site_name\" content=\"Ch\u00e2teau du Seuil\" \/>\n<meta property=\"article:publisher\" content=\"https:\/\/www.facebook.com\/chateauduseuil\" \/>\n<meta property=\"article:modified_time\" content=\"2023-03-20T09:55:11+00:00\" \/>\n<meta name=\"twitter:card\" content=\"summary_large_image\" \/>\n<!-- \/ Yoast SEO plugin. -->","yoast_head_json":{"title":"Tours - Ch\u00e2teau du Seuil","robots":{"index":"index","follow":"follow","max-snippet":"max-snippet:-1","max-image-preview":"max-image-preview:large","max-video-preview":"max-video-preview:-1"},"canonical":"https:\/\/www.chateauduseuil.fr\/loenotourisme\/visites-vignobles-degustations\/","og_locale":"en_US","og_type":"article","og_title":"Tours - Ch\u00e2teau du Seuil","og_url":"https:\/\/www.chateauduseuil.fr\/loenotourisme\/visites-vignobles-degustations\/","og_site_name":"Ch\u00e2teau du Seuil","article_publisher":"https:\/\/www.facebook.com\/chateauduseuil","article_modified_time":"2023-03-20T09:55:11+00:00","twitter_card":"summary_large_image","schema":{"@context":"https:\/\/schema.org","@graph":[{"@type":"WebPage","@id":"https:\/\/www.chateauduseuil.fr\/loenotourisme\/visites-vignobles-degustations\/","url":"https:\/\/www.chateauduseuil.fr\/loenotourisme\/visites-vignobles-degustations\/","name":"Tours - Ch\u00e2teau du Seuil","isPartOf":{"@id":"https:\/\/www.chateauduseuil.fr\/#website"},"datePublished":"2023-03-15T08:30:38+00:00","dateModified":"2023-03-20T09:55:11+00:00","breadcrumb":{"@id":"https:\/\/www.chateauduseuil.fr\/loenotourisme\/visites-vignobles-degustations\/#breadcrumb"},"inLanguage":"en-US","potentialAction":[{"@type":"ReadAction","target":["https:\/\/www.chateauduseuil.fr\/loenotourisme\/visites-vignobles-degustations\/"]}]},{"@type":"BreadcrumbList","@id":"https:\/\/www.chateauduseuil.fr\/loenotourisme\/visites-vignobles-degustations\/#breadcrumb","itemListElement":[{"@type":"ListItem","position":1,"name":"Accueil","item":"https:\/\/www.chateauduseuil.fr\/"},{"@type":"ListItem","position":2,"name":"Wine tourism","item":"https:\/\/www.chateauduseuil.fr\/loenotourisme\/"},{"@type":"ListItem","position":3,"name":"Tours"}]},{"@type":"WebSite","@id":"https:\/\/www.chateauduseuil.fr\/#website","url":"https:\/\/www.chateauduseuil.fr\/","name":"https:\/\/www.chateauduseuil.fr\/","description":"","publisher":{"@id":"https:\/\/www.chateauduseuil.fr\/#organization"},"potentialAction":[{"@type":"SearchAction","target":{"@type":"EntryPoint","urlTemplate":"https:\/\/www.chateauduseuil.fr\/?s={search_term_string}"},"query-input":{"@type":"PropertyValueSpecification","valueRequired":true,"valueName":"search_term_string"}}],"inLanguage":"en-US"},{"@type":"Organization","@id":"https:\/\/www.chateauduseuil.fr\/#organization","name":"https:\/\/www.chateauduseuil.fr\/","url":"https:\/\/www.chateauduseuil.fr\/","logo":{"@type":"ImageObject","inLanguage":"en-US","@id":"https:\/\/www.chateauduseuil.fr\/#\/schema\/logo\/image\/","url":"https:\/\/www.chateauduseuil.fr\/wp-content\/uploads\/2023\/03\/LOGO-1.png","contentUrl":"https:\/\/www.chateauduseuil.fr\/wp-content\/uploads\/2023\/03\/LOGO-1.png","width":466,"height":732,"caption":"https:\/\/www.chateauduseuil.fr\/"},"image":{"@id":"https:\/\/www.chateauduseuil.fr\/#\/schema\/logo\/image\/"},"sameAs":["https:\/\/www.facebook.com\/chateauduseuil"]}]}},"_links":{"self":[{"href":"https:\/\/www.chateauduseuil.fr\/en\/wp-json\/wp\/v2\/pages\/764","targetHints":{"allow":["GET"]}}],"collection":[{"href":"https:\/\/www.chateauduseuil.fr\/en\/wp-json\/wp\/v2\/pages"}],"about":[{"href":"https:\/\/www.chateauduseuil.fr\/en\/wp-json\/wp\/v2\/types\/page"}],"author":[{"embeddable":true,"href":"https:\/\/www.chateauduseuil.fr\/en\/wp-json\/wp\/v2\/users\/2"}],"replies":[{"embeddable":true,"href":"https:\/\/www.chateauduseuil.fr\/en\/wp-json\/wp\/v2\/comments?post=764"}],"version-history":[{"count":1,"href":"https:\/\/www.chateauduseuil.fr\/en\/wp-json\/wp\/v2\/pages\/764\/revisions"}],"predecessor-version":[{"id":765,"href":"https:\/\/www.chateauduseuil.fr\/en\/wp-json\/wp\/v2\/pages\/764\/revisions\/765"}],"up":[{"embeddable":true,"href":"https:\/\/www.chateauduseuil.fr\/en\/wp-json\/wp\/v2\/pages\/281"}],"wp:attachment":[{"href":"https:\/\/www.chateauduseuil.fr\/en\/wp-json\/wp\/v2\/media?parent=764"}],"curies":[{"name":"wp","href":"https:\/\/api.w.org\/{rel}","templated":true}]}}