{"id":3887,"date":"2023-03-20T10:22:44","date_gmt":"2023-03-20T09:22:44","guid":{"rendered":"https:\/\/www.chateauduseuil.fr\/?page_id=3887"},"modified":"2026-04-28T12:02:01","modified_gmt":"2026-04-28T10:02:01","slug":"chateau-grand-seuil","status":"publish","type":"page","link":"https:\/\/www.chateauduseuil.fr\/en\/domaine-wines\/chateau-grand-seuil\/","title":{"rendered":"Ch\u00e2teau Grand Seuil"},"content":{"rendered":"","protected":false},"excerpt":{"rendered":"","protected":false},"author":1,"featured_media":0,"parent":3874,"menu_order":0,"comment_status":"closed","ping_status":"closed","template":"elementor_header_footer","meta":{"_acf_changed":false,"footnotes":""},"class_list":["post-3887","page","type-page","status-publish","hentry"],"acf":[],"yoast_head":"<!-- This site is optimized with the Yoast SEO plugin v27.5 - https:\/\/yoast.com\/product\/yoast-seo-wordpress\/ -->\n<title>Ch\u00e2teau Grand Seuil - Ch\u00e2teau du Seuil<\/title>\n<meta name=\"description\" content=\"Discover the Ch\u00e2teau Grand Seuil range: organic ros\u00e9, white and red wines AOP Coteaux d&#039;Aix-en-Provence at Ch\u00e2teau du Seuil.\" \/>\n<meta name=\"robots\" content=\"index, follow, max-snippet:-1, max-image-preview:large, max-video-preview:-1\" \/>\n<link rel=\"canonical\" href=\"https:\/\/www.chateauduseuil.fr\/en\/domaine-wines\/chateau-grand-seuil\/\" \/>\n<meta property=\"og:locale\" content=\"en_US\" \/>\n<meta property=\"og:type\" content=\"article\" \/>\n<meta property=\"og:title\" content=\"Ch\u00e2teau Grand Seuil - Ch\u00e2teau du Seuil\" \/>\n<meta property=\"og:description\" content=\"Discover the Ch\u00e2teau Grand Seuil range: organic ros\u00e9, white and red wines AOP Coteaux d&#039;Aix-en-Provence at Ch\u00e2teau du Seuil.\" \/>\n<meta property=\"og:url\" content=\"https:\/\/www.chateauduseuil.fr\/en\/domaine-wines\/chateau-grand-seuil\/\" \/>\n<meta property=\"og:site_name\" content=\"Ch\u00e2teau du Seuil\" \/>\n<meta property=\"article:publisher\" content=\"https:\/\/www.facebook.com\/chateauduseuil\" \/>\n<meta property=\"article:modified_time\" content=\"2026-04-28T10:02:01+00:00\" \/>\n<meta name=\"twitter:card\" content=\"summary_large_image\" \/>\n<!-- \/ Yoast SEO plugin. -->","yoast_head_json":{"title":"Ch\u00e2teau Grand Seuil - Ch\u00e2teau du Seuil","description":"Discover the Ch\u00e2teau Grand Seuil range: organic ros\u00e9, white and red wines AOP Coteaux d'Aix-en-Provence at Ch\u00e2teau du Seuil.","robots":{"index":"index","follow":"follow","max-snippet":"max-snippet:-1","max-image-preview":"max-image-preview:large","max-video-preview":"max-video-preview:-1"},"canonical":"https:\/\/www.chateauduseuil.fr\/en\/domaine-wines\/chateau-grand-seuil\/","og_locale":"en_US","og_type":"article","og_title":"Ch\u00e2teau Grand Seuil - Ch\u00e2teau du Seuil","og_description":"Discover the Ch\u00e2teau Grand Seuil range: organic ros\u00e9, white and red wines AOP Coteaux d'Aix-en-Provence at Ch\u00e2teau du Seuil.","og_url":"https:\/\/www.chateauduseuil.fr\/en\/domaine-wines\/chateau-grand-seuil\/","og_site_name":"Ch\u00e2teau du Seuil","article_publisher":"https:\/\/www.facebook.com\/chateauduseuil","article_modified_time":"2026-04-28T10:02:01+00:00","twitter_card":"summary_large_image","schema":{"@context":"https:\/\/schema.org","@graph":[{"@type":"WebPage","@id":"https:\/\/www.chateauduseuil.fr\/en\/domaine-wines\/chateau-grand-seuil\/","url":"https:\/\/www.chateauduseuil.fr\/en\/domaine-wines\/chateau-grand-seuil\/","name":"Ch\u00e2teau Grand Seuil - Ch\u00e2teau du Seuil","isPartOf":{"@id":"https:\/\/www.chateauduseuil.fr\/#website"},"datePublished":"2023-03-20T09:22:44+00:00","dateModified":"2026-04-28T10:02:01+00:00","description":"Discover the Ch\u00e2teau Grand Seuil range: organic ros\u00e9, white and red wines AOP Coteaux d'Aix-en-Provence at Ch\u00e2teau du Seuil.","breadcrumb":{"@id":"https:\/\/www.chateauduseuil.fr\/en\/domaine-wines\/chateau-grand-seuil\/#breadcrumb"},"inLanguage":"en-US","potentialAction":[{"@type":"ReadAction","target":["https:\/\/www.chateauduseuil.fr\/en\/domaine-wines\/chateau-grand-seuil\/"]}]},{"@type":"BreadcrumbList","@id":"https:\/\/www.chateauduseuil.fr\/en\/domaine-wines\/chateau-grand-seuil\/#breadcrumb","itemListElement":[{"@type":"ListItem","position":1,"name":"Accueil","item":"https:\/\/www.chateauduseuil.fr\/"},{"@type":"ListItem","position":2,"name":"Domaine Wines","item":"https:\/\/www.chateauduseuil.fr\/en\/domaine-wines\/"},{"@type":"ListItem","position":3,"name":"Ch\u00e2teau Grand Seuil"}]},{"@type":"WebSite","@id":"https:\/\/www.chateauduseuil.fr\/#website","url":"https:\/\/www.chateauduseuil.fr\/","name":"https:\/\/www.chateauduseuil.fr\/","description":"","publisher":{"@id":"https:\/\/www.chateauduseuil.fr\/#organization"},"potentialAction":[{"@type":"SearchAction","target":{"@type":"EntryPoint","urlTemplate":"https:\/\/www.chateauduseuil.fr\/?s={search_term_string}"},"query-input":{"@type":"PropertyValueSpecification","valueRequired":true,"valueName":"search_term_string"}}],"inLanguage":"en-US"},{"@type":"Organization","@id":"https:\/\/www.chateauduseuil.fr\/#organization","name":"https:\/\/www.chateauduseuil.fr\/","url":"https:\/\/www.chateauduseuil.fr\/","logo":{"@type":"ImageObject","inLanguage":"en-US","@id":"https:\/\/www.chateauduseuil.fr\/#\/schema\/logo\/image\/","url":"https:\/\/www.chateauduseuil.fr\/wp-content\/uploads\/2023\/03\/LOGO-1.png","contentUrl":"https:\/\/www.chateauduseuil.fr\/wp-content\/uploads\/2023\/03\/LOGO-1.png","width":466,"height":732,"caption":"https:\/\/www.chateauduseuil.fr\/"},"image":{"@id":"https:\/\/www.chateauduseuil.fr\/#\/schema\/logo\/image\/"},"sameAs":["https:\/\/www.facebook.com\/chateauduseuil"]}]}},"_links":{"self":[{"href":"https:\/\/www.chateauduseuil.fr\/en\/wp-json\/wp\/v2\/pages\/3887","targetHints":{"allow":["GET"]}}],"collection":[{"href":"https:\/\/www.chateauduseuil.fr\/en\/wp-json\/wp\/v2\/pages"}],"about":[{"href":"https:\/\/www.chateauduseuil.fr\/en\/wp-json\/wp\/v2\/types\/page"}],"author":[{"embeddable":true,"href":"https:\/\/www.chateauduseuil.fr\/en\/wp-json\/wp\/v2\/users\/1"}],"replies":[{"embeddable":true,"href":"https:\/\/www.chateauduseuil.fr\/en\/wp-json\/wp\/v2\/comments?post=3887"}],"version-history":[{"count":4,"href":"https:\/\/www.chateauduseuil.fr\/en\/wp-json\/wp\/v2\/pages\/3887\/revisions"}],"predecessor-version":[{"id":3891,"href":"https:\/\/www.chateauduseuil.fr\/en\/wp-json\/wp\/v2\/pages\/3887\/revisions\/3891"}],"up":[{"embeddable":true,"href":"https:\/\/www.chateauduseuil.fr\/en\/wp-json\/wp\/v2\/pages\/3874"}],"wp:attachment":[{"href":"https:\/\/www.chateauduseuil.fr\/en\/wp-json\/wp\/v2\/media?parent=3887"}],"curies":[{"name":"wp","href":"https:\/\/api.w.org\/{rel}","templated":true}]}}