{"id":3863,"date":"2023-06-05T10:56:19","date_gmt":"2023-06-05T08:56:19","guid":{"rendered":"https:\/\/www.chateauduseuil.fr\/?page_id=3863"},"modified":"2023-07-18T13:50:15","modified_gmt":"2023-07-18T11:50:15","slug":"chateau-du-seuil-2","status":"publish","type":"page","link":"https:\/\/www.chateauduseuil.fr\/en\/chateau-du-seuil-2\/","title":{"rendered":"Ch\u00e2teau du Seuil"},"content":{"rendered":"\t\t<div data-elementor-type=\"wp-page\" data-elementor-id=\"3863\" class=\"elementor elementor-3863 elementor-2590\" data-elementor-post-type=\"page\">\n\t\t\t\t\t\t<section class=\"elementor-section elementor-top-section elementor-element elementor-element-4896651e elementor-section-boxed elementor-section-height-default elementor-section-height-default\" data-id=\"4896651e\" data-element_type=\"section\" data-e-type=\"section\">\n\t\t\t\t\t\t<div class=\"elementor-container elementor-column-gap-default\">\n\t\t\t\t\t<div class=\"elementor-column elementor-col-100 elementor-top-column elementor-element elementor-element-711e8e39\" data-id=\"711e8e39\" data-element_type=\"column\" data-e-type=\"column\">\n\t\t\t<div class=\"elementor-widget-wrap\">\n\t\t\t\t\t\t\t<\/div>\n\t\t<\/div>\n\t\t\t\t\t<\/div>\n\t\t<\/section>\n\t\t\t\t<section class=\"elementor-section elementor-top-section elementor-element elementor-element-1ef4cfe2 elementor-section-boxed elementor-section-height-default elementor-section-height-default\" data-id=\"1ef4cfe2\" data-element_type=\"section\" data-e-type=\"section\">\n\t\t\t\t\t\t<div class=\"elementor-container elementor-column-gap-default\">\n\t\t\t\t\t<div class=\"elementor-column elementor-col-100 elementor-top-column elementor-element elementor-element-76323cfe\" data-id=\"76323cfe\" data-element_type=\"column\" data-e-type=\"column\">\n\t\t\t<div class=\"elementor-widget-wrap elementor-element-populated\">\n\t\t\t\t\t\t<div class=\"elementor-element elementor-element-181b4952 elementor-widget elementor-widget-image\" data-id=\"181b4952\" data-element_type=\"widget\" data-e-type=\"widget\" data-widget_type=\"image.default\">\n\t\t\t\t<div class=\"elementor-widget-container\">\n\t\t\t\t\t\t\t\t\t\t\t\t\t\t\t<img decoding=\"async\" width=\"65\" height=\"29\" src=\"https:\/\/www.chateauduseuil.fr\/wp-content\/uploads\/2023\/03\/terroirs.png\" class=\"attachment-full size-full wp-image-602\" alt=\"\" \/>\t\t\t\t\t\t\t\t\t\t\t\t\t\t\t<\/div>\n\t\t\t\t<\/div>\n\t\t\t\t<div class=\"elementor-element elementor-element-2aabd5a0 elementor-widget elementor-widget-heading\" data-id=\"2aabd5a0\" data-element_type=\"widget\" data-e-type=\"widget\" data-widget_type=\"heading.default\">\n\t\t\t\t<div class=\"elementor-widget-container\">\n\t\t\t\t\t<h1 class=\"elementor-heading-title elementor-size-large\">Our wines Ch\u00e2teau du seuil<\/h1>\t\t\t\t<\/div>\n\t\t\t\t<\/div>\n\t\t\t\t\t<\/div>\n\t\t<\/div>\n\t\t\t\t\t<\/div>\n\t\t<\/section>\n\t\t\t\t<section class=\"elementor-section elementor-top-section elementor-element elementor-element-63b7248a elementor-section-boxed elementor-section-height-default elementor-section-height-default\" data-id=\"63b7248a\" data-element_type=\"section\" data-e-type=\"section\" id=\"chateauduseuil\">\n\t\t\t\t\t\t<div class=\"elementor-container elementor-column-gap-default\">\n\t\t\t\t\t<div class=\"elementor-column elementor-col-100 elementor-top-column elementor-element elementor-element-3e213f78\" data-id=\"3e213f78\" data-element_type=\"column\" data-e-type=\"column\">\n\t\t\t<div class=\"elementor-widget-wrap elementor-element-populated\">\n\t\t\t\t\t\t\t<\/div>\n\t\t<\/div>\n\t\t\t\t\t<\/div>\n\t\t<\/section>\n\t\t\t\t<section class=\"elementor-section elementor-top-section elementor-element elementor-element-45e28ffa elementor-section-boxed elementor-section-height-default elementor-section-height-default\" data-id=\"45e28ffa\" data-element_type=\"section\" data-e-type=\"section\">\n\t\t\t\t\t\t<div class=\"elementor-container elementor-column-gap-wider\">\n\t\t\t\t\t<div class=\"elementor-column elementor-col-33 elementor-top-column elementor-element elementor-element-30e410bb\" data-id=\"30e410bb\" data-element_type=\"column\" data-e-type=\"column\">\n\t\t\t<div class=\"elementor-widget-wrap elementor-element-populated\">\n\t\t\t\t\t\t<div class=\"elementor-element elementor-element-7e3dcfde elementor-widget elementor-widget-image\" data-id=\"7e3dcfde\" data-element_type=\"widget\" data-e-type=\"widget\" data-widget_type=\"image.default\">\n\t\t\t\t<div class=\"elementor-widget-container\">\n\t\t\t\t\t\t\t\t\t\t\t\t\t\t\t<img decoding=\"async\" src=\"https:\/\/www.chateauduseuil.fr\/wp-content\/uploads\/elementor\/thumbs\/Chateau-Du-Seuil-00-Rose\u0301-1-qgulqtsskry9fjmxtnjqhpt6pduq0xdaqjj780x9ts.png\" title=\"Chateau-Du-Seuil-00-Rose\u0301\" alt=\"vin auro rousso IGP ch\u00e2teau du seuil aix-en-provence\" loading=\"lazy\" \/>\t\t\t\t\t\t\t\t\t\t\t\t\t\t\t<\/div>\n\t\t\t\t<\/div>\n\t\t\t\t<div class=\"elementor-element elementor-element-4d4cb03e elementor-widget elementor-widget-heading\" data-id=\"4d4cb03e\" data-element_type=\"widget\" data-e-type=\"widget\" data-widget_type=\"heading.default\">\n\t\t\t\t<div class=\"elementor-widget-container\">\n\t\t\t\t\t<h3 class=\"elementor-heading-title elementor-size-default\">Chateau du seuil<\/h3>\t\t\t\t<\/div>\n\t\t\t\t<\/div>\n\t\t\t\t<div class=\"elementor-element elementor-element-124ebd58 elementor-widget elementor-widget-text-editor\" data-id=\"124ebd58\" data-element_type=\"widget\" data-e-type=\"widget\" data-widget_type=\"text-editor.default\">\n\t\t\t\t<div class=\"elementor-widget-container\">\n\t\t\t\t\t\t\t\t\t<h2 style=\"text-align: center; margin: 0;\">Ros\u00e9<\/h2><p style=\"text-align: center; margin: 0;\">\u2013 Coteaux PDO<\/p><p style=\"text-align: center; margin: 0;\"><a class=\"cta cta-vins\" href=\"\/en\/les-vins\/chateau-du-seuil-rose-2021\/\">Discover<\/a><\/p>\t\t\t\t\t\t\t\t<\/div>\n\t\t\t\t<\/div>\n\t\t\t\t\t<\/div>\n\t\t<\/div>\n\t\t\t\t<div class=\"elementor-column elementor-col-33 elementor-top-column elementor-element elementor-element-3af18290\" data-id=\"3af18290\" data-element_type=\"column\" data-e-type=\"column\">\n\t\t\t<div class=\"elementor-widget-wrap elementor-element-populated\">\n\t\t\t\t\t\t<div class=\"elementor-element elementor-element-3cafdb34 elementor-widget elementor-widget-image\" data-id=\"3cafdb34\" data-element_type=\"widget\" data-e-type=\"widget\" data-widget_type=\"image.default\">\n\t\t\t\t<div class=\"elementor-widget-container\">\n\t\t\t\t\t\t\t\t\t\t\t\t\t\t\t<img decoding=\"async\" src=\"https:\/\/www.chateauduseuil.fr\/wp-content\/uploads\/elementor\/thumbs\/Chateau-Du-Seuil-00-RG-qgulqma323nyunxv1kapxrphyavsbcjg1ibbdt8f7k.png\" title=\"Chateau-Du-Seuil-00-RG\" alt=\"Chateau-Du-Seuil-00-RG\" loading=\"lazy\" \/>\t\t\t\t\t\t\t\t\t\t\t\t\t\t\t<\/div>\n\t\t\t\t<\/div>\n\t\t\t\t<div class=\"elementor-element elementor-element-4051c02c elementor-widget elementor-widget-heading\" data-id=\"4051c02c\" data-element_type=\"widget\" data-e-type=\"widget\" data-widget_type=\"heading.default\">\n\t\t\t\t<div class=\"elementor-widget-container\">\n\t\t\t\t\t<h3 class=\"elementor-heading-title elementor-size-default\">Chateau du seuil<\/h3>\t\t\t\t<\/div>\n\t\t\t\t<\/div>\n\t\t\t\t<div class=\"elementor-element elementor-element-76b62e9b elementor-widget elementor-widget-text-editor\" data-id=\"76b62e9b\" data-element_type=\"widget\" data-e-type=\"widget\" data-widget_type=\"text-editor.default\">\n\t\t\t\t<div class=\"elementor-widget-container\">\n\t\t\t\t\t\t\t\t\t<h2 style=\"text-align: center; margin: 0;\">Red wine<\/h2><p style=\"text-align: center; margin: 0;\">\u2013 Coteaux PDO<\/p><p style=\"text-align: center; margin: 0;\"><a class=\"cta cta-vins\" href=\"\/en\/les-vins\/chateau-du-seuil-rouge-2020\/\">Discover<\/a><\/p>\t\t\t\t\t\t\t\t<\/div>\n\t\t\t\t<\/div>\n\t\t\t\t\t<\/div>\n\t\t<\/div>\n\t\t\t\t<div class=\"elementor-column elementor-col-33 elementor-top-column elementor-element elementor-element-a881a87\" data-id=\"a881a87\" data-element_type=\"column\" data-e-type=\"column\">\n\t\t\t<div class=\"elementor-widget-wrap elementor-element-populated\">\n\t\t\t\t\t\t<div class=\"elementor-element elementor-element-f12edd6 elementor-widget elementor-widget-image\" data-id=\"f12edd6\" data-element_type=\"widget\" data-e-type=\"widget\" data-widget_type=\"image.default\">\n\t\t\t\t<div class=\"elementor-widget-container\">\n\t\t\t\t\t\t\t\t\t\t\t\t\t\t\t<img decoding=\"async\" src=\"https:\/\/www.chateauduseuil.fr\/wp-content\/uploads\/elementor\/thumbs\/Chateau-Du-Seuil-00-BLC-qgulqbxuyx9taycvpxttocbff2aqyoeec34z3rnr40.png\" title=\"Chateau-Du-Seuil-00-BLC\" alt=\"Chateau-Du-Seuil-00-BLC\" loading=\"lazy\" \/>\t\t\t\t\t\t\t\t\t\t\t\t\t\t\t<\/div>\n\t\t\t\t<\/div>\n\t\t\t\t<div class=\"elementor-element elementor-element-61b1973b elementor-widget elementor-widget-heading\" data-id=\"61b1973b\" data-element_type=\"widget\" data-e-type=\"widget\" data-widget_type=\"heading.default\">\n\t\t\t\t<div class=\"elementor-widget-container\">\n\t\t\t\t\t<h3 class=\"elementor-heading-title elementor-size-default\">Chateau du seuil<\/h3>\t\t\t\t<\/div>\n\t\t\t\t<\/div>\n\t\t\t\t<div class=\"elementor-element elementor-element-11266ac1 elementor-widget elementor-widget-text-editor\" data-id=\"11266ac1\" data-element_type=\"widget\" data-e-type=\"widget\" data-widget_type=\"text-editor.default\">\n\t\t\t\t<div class=\"elementor-widget-container\">\n\t\t\t\t\t\t\t\t\t<h2 style=\"text-align: center; margin: 0;\">White wine<\/h2><p style=\"text-align: center; margin: 0;\">\u2013 Coteaux PDO<\/p><p style=\"text-align: center; margin: 0;\"><a class=\"cta cta-vins\" href=\"\/en\/les-vins\/chateau-du-seuil-blanc-2021\/\">Discover<\/a><\/p>\t\t\t\t\t\t\t\t<\/div>\n\t\t\t\t<\/div>\n\t\t\t\t\t<\/div>\n\t\t<\/div>\n\t\t\t\t\t<\/div>\n\t\t<\/section>\n\t\t\t\t<section class=\"elementor-section elementor-top-section elementor-element elementor-element-6ae61eec elementor-section-boxed elementor-section-height-default elementor-section-height-default\" data-id=\"6ae61eec\" data-element_type=\"section\" data-e-type=\"section\">\n\t\t\t\t\t\t<div class=\"elementor-container elementor-column-gap-default\">\n\t\t\t\t\t<div class=\"elementor-column elementor-col-100 elementor-top-column elementor-element elementor-element-492fb6d1\" data-id=\"492fb6d1\" data-element_type=\"column\" data-e-type=\"column\">\n\t\t\t<div class=\"elementor-widget-wrap elementor-element-populated\">\n\t\t\t\t\t\t<div class=\"elementor-element elementor-element-1cb84d03 elementor-widget elementor-widget-text-editor\" data-id=\"1cb84d03\" data-element_type=\"widget\" data-e-type=\"widget\" data-widget_type=\"text-editor.default\">\n\t\t\t\t<div class=\"elementor-widget-container\">\n\t\t\t\t\t\t\t\t\t<p style=\"text-align: center; margin: 0;\"><a href='\/vins-du-domaine\/'><button class=\"cta cta-vins \">Tous nos vins<\/button><\/a><\/p>\t\t\t\t\t\t\t\t<\/div>\n\t\t\t\t<\/div>\n\t\t\t\t<div class=\"elementor-element elementor-element-3ecfe08c elementor-widget elementor-widget-spacer\" data-id=\"3ecfe08c\" data-element_type=\"widget\" data-e-type=\"widget\" data-widget_type=\"spacer.default\">\n\t\t\t\t<div class=\"elementor-widget-container\">\n\t\t\t\t\t\t\t<div class=\"elementor-spacer\">\n\t\t\t<div class=\"elementor-spacer-inner\"><\/div>\n\t\t<\/div>\n\t\t\t\t\t\t<\/div>\n\t\t\t\t<\/div>\n\t\t\t\t\t<\/div>\n\t\t<\/div>\n\t\t\t\t\t<\/div>\n\t\t<\/section>\n\t\t\t\t<\/div>\n\t\t","protected":false},"excerpt":{"rendered":"<p>Our wines Ch\u00e2teau du seuil Chateau du seuil Ros\u00e9 \u2013 Coteaux PDO Discover Chateau du seuil Red wine \u2013 Coteaux PDO Discover Chateau du seuil White wine \u2013 Coteaux PDO Discover Tous nos vins<\/p>\n","protected":false},"author":1,"featured_media":0,"parent":0,"menu_order":0,"comment_status":"closed","ping_status":"closed","template":"elementor_header_footer","meta":{"_acf_changed":false,"footnotes":""},"class_list":["post-3863","page","type-page","status-publish","hentry"],"acf":[],"yoast_head":"<!-- This site is optimized with the Yoast SEO plugin v27.5 - https:\/\/yoast.com\/product\/yoast-seo-wordpress\/ -->\n<title>Cotes de Provence - Ch\u00e2teau du Seuil<\/title>\n<meta name=\"description\" content=\"Ch\u00e2teau du Seuil offers different ranges of wines in our boutique : Cotes de Provence in red wine, white wine or ros\u00e9\" \/>\n<meta name=\"robots\" content=\"index, follow, max-snippet:-1, max-image-preview:large, max-video-preview:-1\" \/>\n<link rel=\"canonical\" href=\"https:\/\/www.chateauduseuil.fr\/en\/wines__trashed\/chateau-du-seuil-2\/\" \/>\n<meta property=\"og:locale\" content=\"en_US\" \/>\n<meta property=\"og:type\" content=\"article\" \/>\n<meta property=\"og:title\" content=\"Cotes de Provence - Ch\u00e2teau du Seuil\" \/>\n<meta property=\"og:description\" content=\"Ch\u00e2teau du Seuil offers different ranges of wines in our boutique : Cotes de Provence in red wine, white wine or ros\u00e9\" \/>\n<meta property=\"og:url\" content=\"https:\/\/www.chateauduseuil.fr\/en\/wines__trashed\/chateau-du-seuil-2\/\" \/>\n<meta property=\"og:site_name\" content=\"Ch\u00e2teau du Seuil\" \/>\n<meta property=\"article:publisher\" content=\"https:\/\/www.facebook.com\/chateauduseuil\" \/>\n<meta property=\"article:modified_time\" content=\"2023-07-18T11:50:15+00:00\" \/>\n<meta property=\"og:image\" content=\"https:\/\/www.chateauduseuil.fr\/wp-content\/uploads\/2023\/03\/terroirs.png\" \/>\n<meta name=\"twitter:card\" content=\"summary_large_image\" \/>\n<meta name=\"twitter:label1\" content=\"Est. reading time\" \/>\n\t<meta name=\"twitter:data1\" content=\"1 minute\" \/>\n<!-- \/ Yoast SEO plugin. -->","yoast_head_json":{"title":"Cotes de Provence - Ch\u00e2teau du Seuil","description":"Ch\u00e2teau du Seuil offers different ranges of wines in our boutique : Cotes de Provence in red wine, white wine or ros\u00e9","robots":{"index":"index","follow":"follow","max-snippet":"max-snippet:-1","max-image-preview":"max-image-preview:large","max-video-preview":"max-video-preview:-1"},"canonical":"https:\/\/www.chateauduseuil.fr\/en\/wines__trashed\/chateau-du-seuil-2\/","og_locale":"en_US","og_type":"article","og_title":"Cotes de Provence - Ch\u00e2teau du Seuil","og_description":"Ch\u00e2teau du Seuil offers different ranges of wines in our boutique : Cotes de Provence in red wine, white wine or ros\u00e9","og_url":"https:\/\/www.chateauduseuil.fr\/en\/wines__trashed\/chateau-du-seuil-2\/","og_site_name":"Ch\u00e2teau du Seuil","article_publisher":"https:\/\/www.facebook.com\/chateauduseuil","article_modified_time":"2023-07-18T11:50:15+00:00","og_image":[{"url":"https:\/\/www.chateauduseuil.fr\/wp-content\/uploads\/2023\/03\/terroirs.png","type":"","width":"","height":""}],"twitter_card":"summary_large_image","twitter_misc":{"Est. reading time":"1 minute"},"schema":{"@context":"https:\/\/schema.org","@graph":[{"@type":"WebPage","@id":"https:\/\/www.chateauduseuil.fr\/en\/wines__trashed\/chateau-du-seuil-2\/","url":"https:\/\/www.chateauduseuil.fr\/en\/wines__trashed\/chateau-du-seuil-2\/","name":"Cotes de Provence - Ch\u00e2teau du Seuil","isPartOf":{"@id":"https:\/\/www.chateauduseuil.fr\/#website"},"primaryImageOfPage":{"@id":"https:\/\/www.chateauduseuil.fr\/en\/wines__trashed\/chateau-du-seuil-2\/#primaryimage"},"image":{"@id":"https:\/\/www.chateauduseuil.fr\/en\/wines__trashed\/chateau-du-seuil-2\/#primaryimage"},"thumbnailUrl":"https:\/\/www.chateauduseuil.fr\/wp-content\/uploads\/2023\/03\/terroirs.png","datePublished":"2023-06-05T08:56:19+00:00","dateModified":"2023-07-18T11:50:15+00:00","description":"Ch\u00e2teau du Seuil offers different ranges of wines in our boutique : Cotes de Provence in red wine, white wine or ros\u00e9","breadcrumb":{"@id":"https:\/\/www.chateauduseuil.fr\/en\/wines__trashed\/chateau-du-seuil-2\/#breadcrumb"},"inLanguage":"en-US","potentialAction":[{"@type":"ReadAction","target":["https:\/\/www.chateauduseuil.fr\/en\/wines__trashed\/chateau-du-seuil-2\/"]}]},{"@type":"ImageObject","inLanguage":"en-US","@id":"https:\/\/www.chateauduseuil.fr\/en\/wines__trashed\/chateau-du-seuil-2\/#primaryimage","url":"https:\/\/www.chateauduseuil.fr\/wp-content\/uploads\/2023\/03\/terroirs.png","contentUrl":"https:\/\/www.chateauduseuil.fr\/wp-content\/uploads\/2023\/03\/terroirs.png"},{"@type":"BreadcrumbList","@id":"https:\/\/www.chateauduseuil.fr\/en\/wines__trashed\/chateau-du-seuil-2\/#breadcrumb","itemListElement":[{"@type":"ListItem","position":1,"name":"Accueil","item":"https:\/\/www.chateauduseuil.fr\/"},{"@type":"ListItem","position":2,"name":"Ch\u00e2teau du Seuil"}]},{"@type":"WebSite","@id":"https:\/\/www.chateauduseuil.fr\/#website","url":"https:\/\/www.chateauduseuil.fr\/","name":"https:\/\/www.chateauduseuil.fr\/","description":"","publisher":{"@id":"https:\/\/www.chateauduseuil.fr\/#organization"},"potentialAction":[{"@type":"SearchAction","target":{"@type":"EntryPoint","urlTemplate":"https:\/\/www.chateauduseuil.fr\/?s={search_term_string}"},"query-input":{"@type":"PropertyValueSpecification","valueRequired":true,"valueName":"search_term_string"}}],"inLanguage":"en-US"},{"@type":"Organization","@id":"https:\/\/www.chateauduseuil.fr\/#organization","name":"https:\/\/www.chateauduseuil.fr\/","url":"https:\/\/www.chateauduseuil.fr\/","logo":{"@type":"ImageObject","inLanguage":"en-US","@id":"https:\/\/www.chateauduseuil.fr\/#\/schema\/logo\/image\/","url":"https:\/\/www.chateauduseuil.fr\/wp-content\/uploads\/2023\/03\/LOGO-1.png","contentUrl":"https:\/\/www.chateauduseuil.fr\/wp-content\/uploads\/2023\/03\/LOGO-1.png","width":466,"height":732,"caption":"https:\/\/www.chateauduseuil.fr\/"},"image":{"@id":"https:\/\/www.chateauduseuil.fr\/#\/schema\/logo\/image\/"},"sameAs":["https:\/\/www.facebook.com\/chateauduseuil"]}]}},"_links":{"self":[{"href":"https:\/\/www.chateauduseuil.fr\/en\/wp-json\/wp\/v2\/pages\/3863","targetHints":{"allow":["GET"]}}],"collection":[{"href":"https:\/\/www.chateauduseuil.fr\/en\/wp-json\/wp\/v2\/pages"}],"about":[{"href":"https:\/\/www.chateauduseuil.fr\/en\/wp-json\/wp\/v2\/types\/page"}],"author":[{"embeddable":true,"href":"https:\/\/www.chateauduseuil.fr\/en\/wp-json\/wp\/v2\/users\/1"}],"replies":[{"embeddable":true,"href":"https:\/\/www.chateauduseuil.fr\/en\/wp-json\/wp\/v2\/comments?post=3863"}],"version-history":[{"count":26,"href":"https:\/\/www.chateauduseuil.fr\/en\/wp-json\/wp\/v2\/pages\/3863\/revisions"}],"predecessor-version":[{"id":4677,"href":"https:\/\/www.chateauduseuil.fr\/en\/wp-json\/wp\/v2\/pages\/3863\/revisions\/4677"}],"wp:attachment":[{"href":"https:\/\/www.chateauduseuil.fr\/en\/wp-json\/wp\/v2\/media?parent=3863"}],"curies":[{"name":"wp","href":"https:\/\/api.w.org\/{rel}","templated":true}]}}